{"id":47,"date":"2024-05-09T22:15:07","date_gmt":"2024-05-09T20:15:07","guid":{"rendered":"https:\/\/www.josengoran.com\/?page_id=47"},"modified":"2024-05-12T00:59:44","modified_gmt":"2024-05-11T22:59:44","slug":"qui-suis-je","status":"publish","type":"page","link":"https:\/\/www.josengoran.com\/index.php\/qui-suis-je\/","title":{"rendered":"Qui suis-je"},"content":{"rendered":"\n<figure class=\"wp-block-image size-large is-resized has-custom-border is-style-rounded\"><img fetchpriority=\"high\" decoding=\"async\" width=\"1024\" height=\"768\" src=\"http:\/\/www.josengoran.com\/wp-content\/uploads\/2024\/05\/IMG_9292-1-1024x768.jpg\" alt=\"\" class=\"wp-image-20\" style=\"border-style:none;border-width:0px;border-radius:90px;width:484px;height:auto\" srcset=\"https:\/\/www.josengoran.com\/wp-content\/uploads\/2024\/05\/IMG_9292-1-1024x768.jpg 1024w, https:\/\/www.josengoran.com\/wp-content\/uploads\/2024\/05\/IMG_9292-1-300x225.jpg 300w, https:\/\/www.josengoran.com\/wp-content\/uploads\/2024\/05\/IMG_9292-1-768x576.jpg 768w, https:\/\/www.josengoran.com\/wp-content\/uploads\/2024\/05\/IMG_9292-1-1536x1152.jpg 1536w, https:\/\/www.josengoran.com\/wp-content\/uploads\/2024\/05\/IMG_9292-1-2048x1536.jpg 2048w\" sizes=\"(max-width: 1024px) 100vw, 1024px\" \/><figcaption class=\"wp-element-caption\">Si\u00e8ge de Google (GooglePlex), Mountain View, Californie<\/figcaption><\/figure>\n\n\n\n<p>Hello, Je suis Jos\u00e9, un passionn\u00e9 de technologie, de management et de strat\u00e9gie. Actuellement Ing\u00e9nieur solutions chez l&#8217;un des g\u00e9ants am\u00e9ricain de la tech, j&#8217;accompagne mes comptes dans l&#8217;identification de leurs besoins m\u00e9tiers et dans le choix des solutions technologiques adapt\u00e9es.<\/p>\n\n\n\n<p>Je suis \u00e9galement passionn\u00e9 par le produit. Comment le produit est imagin\u00e9, d\u00e9fini, comment est construite sa vision, comment va-t-il p\u00e9n\u00e9trer le march\u00e9, comment assurer son adoption, autant de questions que j&#8217;adore aborder.<\/p>\n\n\n\n<p>Steve Jobs disait : <em>&#8216;Notre travail consiste \u00e0 anticiper leurs d\u00e9sirs avant m\u00eame qu&#8217;ils ne les expriment&#8217; <\/em><\/p>\n\n\n\n<p>Alors, explorons ensemble cette discipline<\/p>\n","protected":false},"excerpt":{"rendered":"<p>Hello, Je suis Jos\u00e9, un passionn\u00e9 de technologie, de management et de strat\u00e9gie. Actuellement Ing\u00e9nieur solutions chez l&#8217;un des g\u00e9ants am\u00e9ricain de la tech, j&#8217;accompagne mes comptes dans l&#8217;identification de leurs besoins m\u00e9tiers et dans le choix des solutions technologiques adapt\u00e9es. Je suis \u00e9galement passionn\u00e9 par le produit. Comment le produit est imagin\u00e9, d\u00e9fini, comment [&hellip;]<\/p>\n","protected":false},"author":1,"featured_media":0,"parent":0,"menu_order":0,"comment_status":"closed","ping_status":"closed","template":"","meta":{"footnotes":""},"class_list":["post-47","page","type-page","status-publish","hentry"],"yoast_head":"<!-- This site is optimized with the Yoast SEO Premium plugin v22.6 (Yoast SEO v22.6) - https:\/\/yoast.com\/wordpress\/plugins\/seo\/ -->\n<title>Qui suis-je -<\/title>\n<meta name=\"robots\" content=\"index, follow, max-snippet:-1, max-image-preview:large, max-video-preview:-1\" \/>\n<link rel=\"canonical\" href=\"https:\/\/www.josengoran.com\/index.php\/qui-suis-je\/\" \/>\n<meta property=\"og:locale\" content=\"en_US\" \/>\n<meta property=\"og:type\" content=\"article\" \/>\n<meta property=\"og:title\" content=\"Qui suis-je\" \/>\n<meta property=\"og:description\" content=\"Hello, Je suis Jos\u00e9, un passionn\u00e9 de technologie, de management et de strat\u00e9gie. Actuellement Ing\u00e9nieur solutions chez l&#8217;un des g\u00e9ants am\u00e9ricain de la tech, j&#8217;accompagne mes comptes dans l&#8217;identification de leurs besoins m\u00e9tiers et dans le choix des solutions technologiques adapt\u00e9es. Je suis \u00e9galement passionn\u00e9 par le produit. Comment le produit est imagin\u00e9, d\u00e9fini, comment [&hellip;]\" \/>\n<meta property=\"og:url\" content=\"https:\/\/www.josengoran.com\/index.php\/qui-suis-je\/\" \/>\n<meta property=\"article:modified_time\" content=\"2024-05-11T22:59:44+00:00\" \/>\n<meta property=\"og:image\" content=\"http:\/\/www.josengoran.com\/wp-content\/uploads\/2024\/05\/IMG_9292-1-1024x768.jpg\" \/>\n<meta name=\"twitter:card\" content=\"summary_large_image\" \/>\n<meta name=\"twitter:label1\" content=\"Est. reading time\" \/>\n\t<meta name=\"twitter:data1\" content=\"1 minute\" \/>\n<script type=\"application\/ld+json\" class=\"yoast-schema-graph\">{\"@context\":\"https:\/\/schema.org\",\"@graph\":[{\"@type\":\"WebPage\",\"@id\":\"https:\/\/www.josengoran.com\/index.php\/qui-suis-je\/\",\"url\":\"https:\/\/www.josengoran.com\/index.php\/qui-suis-je\/\",\"name\":\"Qui suis-je -\",\"isPartOf\":{\"@id\":\"https:\/\/www.josengoran.com\/#website\"},\"primaryImageOfPage\":{\"@id\":\"https:\/\/www.josengoran.com\/index.php\/qui-suis-je\/#primaryimage\"},\"image\":{\"@id\":\"https:\/\/www.josengoran.com\/index.php\/qui-suis-je\/#primaryimage\"},\"thumbnailUrl\":\"http:\/\/www.josengoran.com\/wp-content\/uploads\/2024\/05\/IMG_9292-1-1024x768.jpg\",\"datePublished\":\"2024-05-09T20:15:07+00:00\",\"dateModified\":\"2024-05-11T22:59:44+00:00\",\"breadcrumb\":{\"@id\":\"https:\/\/www.josengoran.com\/index.php\/qui-suis-je\/#breadcrumb\"},\"inLanguage\":\"en-US\",\"potentialAction\":[{\"@type\":\"ReadAction\",\"target\":[\"https:\/\/www.josengoran.com\/index.php\/qui-suis-je\/\"]}]},{\"@type\":\"ImageObject\",\"inLanguage\":\"en-US\",\"@id\":\"https:\/\/www.josengoran.com\/index.php\/qui-suis-je\/#primaryimage\",\"url\":\"https:\/\/www.josengoran.com\/wp-content\/uploads\/2024\/05\/IMG_9292-1-scaled.jpg\",\"contentUrl\":\"https:\/\/www.josengoran.com\/wp-content\/uploads\/2024\/05\/IMG_9292-1-scaled.jpg\",\"width\":2560,\"height\":1920},{\"@type\":\"BreadcrumbList\",\"@id\":\"https:\/\/www.josengoran.com\/index.php\/qui-suis-je\/#breadcrumb\",\"itemListElement\":[{\"@type\":\"ListItem\",\"position\":1,\"name\":\"Accueil\",\"item\":\"https:\/\/www.josengoran.com\/\"},{\"@type\":\"ListItem\",\"position\":2,\"name\":\"Qui suis-je\"}]},{\"@type\":\"WebSite\",\"@id\":\"https:\/\/www.josengoran.com\/#website\",\"url\":\"https:\/\/www.josengoran.com\/\",\"name\":\"\",\"description\":\"Un site utilisant WordPress\",\"potentialAction\":[{\"@type\":\"SearchAction\",\"target\":{\"@type\":\"EntryPoint\",\"urlTemplate\":\"https:\/\/www.josengoran.com\/?s={search_term_string}\"},\"query-input\":\"required name=search_term_string\"}],\"inLanguage\":\"en-US\"}]}<\/script>\n<!-- \/ Yoast SEO Premium plugin. -->","yoast_head_json":{"title":"Qui suis-je -","robots":{"index":"index","follow":"follow","max-snippet":"max-snippet:-1","max-image-preview":"max-image-preview:large","max-video-preview":"max-video-preview:-1"},"canonical":"https:\/\/www.josengoran.com\/index.php\/qui-suis-je\/","og_locale":"en_US","og_type":"article","og_title":"Qui suis-je","og_description":"Hello, Je suis Jos\u00e9, un passionn\u00e9 de technologie, de management et de strat\u00e9gie. Actuellement Ing\u00e9nieur solutions chez l&#8217;un des g\u00e9ants am\u00e9ricain de la tech, j&#8217;accompagne mes comptes dans l&#8217;identification de leurs besoins m\u00e9tiers et dans le choix des solutions technologiques adapt\u00e9es. Je suis \u00e9galement passionn\u00e9 par le produit. Comment le produit est imagin\u00e9, d\u00e9fini, comment [&hellip;]","og_url":"https:\/\/www.josengoran.com\/index.php\/qui-suis-je\/","article_modified_time":"2024-05-11T22:59:44+00:00","og_image":[{"url":"http:\/\/www.josengoran.com\/wp-content\/uploads\/2024\/05\/IMG_9292-1-1024x768.jpg"}],"twitter_card":"summary_large_image","twitter_misc":{"Est. reading time":"1 minute"},"schema":{"@context":"https:\/\/schema.org","@graph":[{"@type":"WebPage","@id":"https:\/\/www.josengoran.com\/index.php\/qui-suis-je\/","url":"https:\/\/www.josengoran.com\/index.php\/qui-suis-je\/","name":"Qui suis-je -","isPartOf":{"@id":"https:\/\/www.josengoran.com\/#website"},"primaryImageOfPage":{"@id":"https:\/\/www.josengoran.com\/index.php\/qui-suis-je\/#primaryimage"},"image":{"@id":"https:\/\/www.josengoran.com\/index.php\/qui-suis-je\/#primaryimage"},"thumbnailUrl":"http:\/\/www.josengoran.com\/wp-content\/uploads\/2024\/05\/IMG_9292-1-1024x768.jpg","datePublished":"2024-05-09T20:15:07+00:00","dateModified":"2024-05-11T22:59:44+00:00","breadcrumb":{"@id":"https:\/\/www.josengoran.com\/index.php\/qui-suis-je\/#breadcrumb"},"inLanguage":"en-US","potentialAction":[{"@type":"ReadAction","target":["https:\/\/www.josengoran.com\/index.php\/qui-suis-je\/"]}]},{"@type":"ImageObject","inLanguage":"en-US","@id":"https:\/\/www.josengoran.com\/index.php\/qui-suis-je\/#primaryimage","url":"https:\/\/www.josengoran.com\/wp-content\/uploads\/2024\/05\/IMG_9292-1-scaled.jpg","contentUrl":"https:\/\/www.josengoran.com\/wp-content\/uploads\/2024\/05\/IMG_9292-1-scaled.jpg","width":2560,"height":1920},{"@type":"BreadcrumbList","@id":"https:\/\/www.josengoran.com\/index.php\/qui-suis-je\/#breadcrumb","itemListElement":[{"@type":"ListItem","position":1,"name":"Accueil","item":"https:\/\/www.josengoran.com\/"},{"@type":"ListItem","position":2,"name":"Qui suis-je"}]},{"@type":"WebSite","@id":"https:\/\/www.josengoran.com\/#website","url":"https:\/\/www.josengoran.com\/","name":"","description":"Un site utilisant WordPress","potentialAction":[{"@type":"SearchAction","target":{"@type":"EntryPoint","urlTemplate":"https:\/\/www.josengoran.com\/?s={search_term_string}"},"query-input":"required name=search_term_string"}],"inLanguage":"en-US"}]}},"_links":{"self":[{"href":"https:\/\/www.josengoran.com\/index.php\/wp-json\/wp\/v2\/pages\/47","targetHints":{"allow":["GET"]}}],"collection":[{"href":"https:\/\/www.josengoran.com\/index.php\/wp-json\/wp\/v2\/pages"}],"about":[{"href":"https:\/\/www.josengoran.com\/index.php\/wp-json\/wp\/v2\/types\/page"}],"author":[{"embeddable":true,"href":"https:\/\/www.josengoran.com\/index.php\/wp-json\/wp\/v2\/users\/1"}],"replies":[{"embeddable":true,"href":"https:\/\/www.josengoran.com\/index.php\/wp-json\/wp\/v2\/comments?post=47"}],"version-history":[{"count":7,"href":"https:\/\/www.josengoran.com\/index.php\/wp-json\/wp\/v2\/pages\/47\/revisions"}],"predecessor-version":[{"id":124,"href":"https:\/\/www.josengoran.com\/index.php\/wp-json\/wp\/v2\/pages\/47\/revisions\/124"}],"wp:attachment":[{"href":"https:\/\/www.josengoran.com\/index.php\/wp-json\/wp\/v2\/media?parent=47"}],"curies":[{"name":"wp","href":"https:\/\/api.w.org\/{rel}","templated":true}]}}